{"id":16,"date":"2024-11-05T23:05:11","date_gmt":"2024-11-06T02:05:11","guid":{"rendered":"https:\/\/opapb.org\/?page_id=16"},"modified":"2026-04-24T18:38:36","modified_gmt":"2026-04-24T21:38:36","slug":"16-2","status":"publish","type":"page","link":"https:\/\/opapb.org\/","title":{"rendered":""},"content":{"rendered":"\n<div id=\"myCarousel\" class=\"carousel slide\" data-bs-ride=\"carousel\">\n        <div class=\"carousel-indicators\">\n          <button\n            type=\"button\"\n            data-bs-target=\"#myCarousel\"\n            data-bs-slide-to=\"0\"\n            class=\"active\"\n            aria-label=\"Slide 1\"\n            aria-current=\"true\"\n          ><\/button>\n          <button\n            type=\"button\"\n            data-bs-target=\"#myCarousel\"\n            data-bs-slide-to=\"1\"\n            aria-label=\"Slide 2\"\n            class=\"\"\n          ><\/button>\n          <button\n            type=\"button\"\n            data-bs-target=\"#myCarousel\"\n            data-bs-slide-to=\"2\"\n            aria-label=\"Slide 3\"\n            class=\"\"\n          ><\/button>\n          <button\n            type=\"button\"\n            data-bs-target=\"#myCarousel\"\n            data-bs-slide-to=\"3\"\n            aria-label=\"Slide 3\"\n            class=\"\"\n          ><\/button>\n        <\/div>\n\n        <div class=\"carousel-inner\">\n          <div class=\"carousel-item active\">\n            <svg\n              class=\"bd-placeholder-img\"\n              width=\"100%\"\n              height=\"100%\"\n              xmlns=\"http:\/\/www.w3.org\/2000\/svg\"\n              aria-hidden=\"true\"\n              preserveAspectRatio=\"xMidYMid slice\"\n              focusable=\"false\"\n            >\n              <rect width=\"100%\" height=\"100%\" fill=\"#960404\"><\/rect>\n            <\/svg>\n\n            <div class=\"container\">\n              <div class=\"carousel-caption text-start\">\n                <h1>Bem-vindo(a) ao site OPAPB.Org!<\/h1>\n                <p>\n                  Somos uma associa\u00e7\u00e3o de combate ao racismos em suas diversas inst\u00e2ncias e atuamos no fortalecimento das negritudes paraibanas.\n                <\/p>\n                <p><a class=\"btn btn-lg btn-primary\" href=\"https:\/\/opapb.org\/?page_id=96\">Saiba mais<\/a><\/p>\n              <\/div>\n            <\/div>\n          <\/div>\n          <div class=\"carousel-item\">\n            <svg\n              class=\"bd-placeholder-img\"\n              width=\"100%\"\n              height=\"100%\"\n              xmlns=\"http:\/\/www.w3.org\/2000\/svg\"\n              aria-hidden=\"true\"\n              preserveAspectRatio=\"xMidYMid slice\"\n              focusable=\"false\"\n            >\n              <rect width=\"100%\" height=\"100%\" fill=\"#960404\"><\/rect>\n            <\/svg>\n\n            <div class=\"container\">\n              <div class=\"carousel-caption\">\n                <h1>Projeto Antirracismo, Cultura e Religiosidade<\/h1>\n                <p>\n                  O projeto tem como objetivo principal desenvolver a\u00e7\u00f5es de combate ao racismo e fortalecimento das negritudes na cidade de Jo\u00e3o Pessoa.\n                <\/p>\n                <p><a class=\"btn btn-lg btn-primary\" href=\"https:\/\/opapb.org\/?p=112\">Saiba mais<\/a><\/p>\n              <\/div>\n            <\/div>\n          <\/div>\n          <div class=\"carousel-item\">\n            <svg\n              class=\"bd-placeholder-img\"\n              width=\"100%\"\n              height=\"100%\"\n              xmlns=\"http:\/\/www.w3.org\/2000\/svg\"\n              aria-hidden=\"true\"\n              preserveAspectRatio=\"xMidYMid slice\"\n              focusable=\"false\"\n            >\n              <rect width=\"100%\" height=\"100%\" fill=\"#960404\"><\/rect>\n            <\/svg>\n\n            <div class=\"container\">\n              <div class=\"carousel-caption\">\n                <h1>Nossa Atua\u00e7\u00e3o<\/h1>\n                <p>\n                  Se engaje na luta antirracista por meio de diversas a\u00e7\u00f5es e\n                  projetos do OPAPB.Org.\n                <\/p>\n                <p><a class=\"btn btn-lg btn-primary\" href=\".\/historico.html\">Saiba mais<\/a><\/p>\n              <\/div>\n            <\/div>\n          <\/div>\n          <div class=\"carousel-item\">\n            <svg\n              class=\"bd-placeholder-img\"\n              width=\"100%\"\n              height=\"100%\"\n              xmlns=\"http:\/\/www.w3.org\/2000\/svg\"\n              aria-hidden=\"true\"\n              preserveAspectRatio=\"xMidYMid slice\"\n              focusable=\"false\"\n            >\n              <rect width=\"100%\" height=\"100%\" fill=\"#960404\"><\/rect>\n            <\/svg>\n\n            <div class=\"container\">\n              <div class=\"carousel-caption text-end\">\n                <h1>Junte-se a n\u00f3s nessa miss\u00e3o e fa\u00e7a parte dessa mudan\u00e7a<\/h1>\n                <p>\n                  Cada pequena a\u00e7\u00e3o conta e juntos podemos construir uma\n                  sociedade mais justa, igualit\u00e1ria e inclusiva para todos e\n                  todas.\n                <\/p>\n                <p>\n                  <a class=\"btn btn-lg btn-primary\" href=\"https:\/\/opapb.org\/?page_id=59\"\n                    >Entre em contato<\/a\n                  >\n                <\/p>\n              <\/div>\n            <\/div>\n          <\/div>\n        <\/div>\n        <button\n          class=\"carousel-control-prev\"\n          type=\"button\"\n          data-bs-target=\"#myCarousel\"\n          data-bs-slide=\"prev\"\n        >\n          <span class=\"carousel-control-prev-icon\" aria-hidden=\"true\"><\/span>\n          <span class=\"visually-hidden\">Previous<\/span>\n        <\/button>\n        <button\n          class=\"carousel-control-next\"\n          type=\"button\"\n          data-bs-target=\"#myCarousel\"\n          data-bs-slide=\"next\"\n        >\n          <span class=\"carousel-control-next-icon\" aria-hidden=\"true\"><\/span>\n          <span class=\"visually-hidden\">Next<\/span>\n        <\/button>\n      <\/div>\n","protected":false},"excerpt":{"rendered":"<p>Bem-vindo(a) ao site OPAPB.Org! Somos uma associa\u00e7\u00e3o de combate ao racismos em suas diversas inst\u00e2ncias e atuamos no fortalecimento das negritudes paraibanas. Saiba mais Projeto Antirracismo, Cultura e Religiosidade O projeto tem como objetivo principal desenvolver a\u00e7\u00f5es de combate ao racismo e fortalecimento das negritudes na cidade de Jo\u00e3o Pessoa. Saiba mais Nossa Atua\u00e7\u00e3o Se [&#8230;]<\/p>\n<p><a class=\"btn btn-secondary conversions-read-more-link\" href=\"https:\/\/opapb.org\/\">Read More&#8230;<\/a><\/p>\n","protected":false},"author":1,"featured_media":0,"parent":0,"menu_order":0,"comment_status":"closed","ping_status":"closed","template":"","meta":{"om_disable_all_campaigns":false,"_monsterinsights_skip_tracking":false,"_monsterinsights_sitenote_active":false,"_monsterinsights_sitenote_note":"","_monsterinsights_sitenote_category":0,"footnotes":""},"class_list":["post-16","page","type-page","status-publish","hentry"],"aioseo_notices":[],"_links":{"self":[{"href":"https:\/\/opapb.org\/index.php?rest_route=\/wp\/v2\/pages\/16","targetHints":{"allow":["GET"]}}],"collection":[{"href":"https:\/\/opapb.org\/index.php?rest_route=\/wp\/v2\/pages"}],"about":[{"href":"https:\/\/opapb.org\/index.php?rest_route=\/wp\/v2\/types\/page"}],"author":[{"embeddable":true,"href":"https:\/\/opapb.org\/index.php?rest_route=\/wp\/v2\/users\/1"}],"replies":[{"embeddable":true,"href":"https:\/\/opapb.org\/index.php?rest_route=%2Fwp%2Fv2%2Fcomments&post=16"}],"version-history":[{"count":13,"href":"https:\/\/opapb.org\/index.php?rest_route=\/wp\/v2\/pages\/16\/revisions"}],"predecessor-version":[{"id":226,"href":"https:\/\/opapb.org\/index.php?rest_route=\/wp\/v2\/pages\/16\/revisions\/226"}],"wp:attachment":[{"href":"https:\/\/opapb.org\/index.php?rest_route=%2Fwp%2Fv2%2Fmedia&parent=16"}],"curies":[{"name":"wp","href":"https:\/\/api.w.org\/{rel}","templated":true}]}}